{"id":28,"date":"2021-01-13T04:46:26","date_gmt":"2021-01-13T04:46:26","guid":{"rendered":"http:\/\/hotel-riegele.de\/?page_id=28"},"modified":"2021-01-13T04:59:22","modified_gmt":"2021-01-13T04:59:22","slug":"backerei-und-cafe","status":"publish","type":"page","link":"https:\/\/hotel-riegele.de\/?page_id=28","title":{"rendered":"B\u00e4ckerei und Cafe"},"content":{"rendered":"\n<p>In unserem Hotel finden Sie eine hervorragende B\u00e4ckerei mit angeschlossenem Cafe. Es gibt Cappuccino, Espresso und meist bieten wir auch eine gro\u00dfe Auswahl an Tee. Bei uns liegt der Hauptfokus auf gutem Brot. Mit dem Aufkommen von Ketten und Franchise-Unternehmen konnten sich Coffeeshops auch auf eine Vielzahl anderer Dienstleistungen konzentrieren. Die meisten gro\u00dfen Ketten wie K-Cups servieren nicht nur Kaffee, sondern auch verschiedene hei\u00dfe Tees und andere Getr\u00e4nke wie Latte, Cappuccino und Eistee. Starbucks, das Standorte in vielen gro\u00dfen -St\u00e4dten hat, serviert neben Kaffee auch eine breite Palette an Getr\u00e4nken. <\/p>\n\n\n\n<p>Wenn Sie lieber Espresso als Kaffee trinken, gibt es auch eine Reihe von Caf\u00e9s, die diese Art von Getr\u00e4nken anbieten. Viele haben eine Reihe von Kaffeespezialit\u00e4ten, die zu Hause und nicht in einem Gesch\u00e4ft hergestellt werden. Kaffeespezialit\u00e4ten wie Mokka, Haselnuss, Cappuccino und andere stark aromatisierte Mischungen k\u00f6nnen an diesen Orten bestellt werden, h\u00e4ufig zusammen mit speziellem Geb\u00e4ck, Muffins oder anderen Fr\u00fchst\u00fccksartikeln.<\/p>\n","protected":false},"excerpt":{"rendered":"<p>In unserem Hotel finden Sie eine hervorragende B\u00e4ckerei mit angeschlossenem Cafe. Es gibt Cappuccino, Espresso und meist bieten wir auch eine gro\u00dfe Auswahl an Tee. Bei uns liegt der Hauptfokus auf gutem Brot. Mit dem Aufkommen von Ketten und Franchise-Unternehmen konnten sich Coffeeshops auch auf eine Vielzahl anderer Dienstleistungen konzentrieren. Die meisten gro\u00dfen Ketten wie<span class=\"post-excerpt-end\">&hellip;<\/span><\/p>\n<p class=\"more-link\"><a href=\"https:\/\/hotel-riegele.de\/?page_id=28\" class=\"themebutton\">Read More<\/a><\/p>\n","protected":false},"author":1,"featured_media":0,"parent":0,"menu_order":0,"comment_status":"closed","ping_status":"closed","template":"","meta":{"footnotes":""},"class_list":["post-28","page","type-page","status-publish","hentry"],"yoast_head":"<!-- This site is optimized with the Yoast SEO plugin v27.5 - https:\/\/yoast.com\/product\/yoast-seo-wordpress\/ -->\n<title>B\u00e4ckerei und Cafe - Hotel Riegele<\/title>\n<meta name=\"robots\" content=\"index, follow, max-snippet:-1, max-image-preview:large, max-video-preview:-1\" \/>\n<link rel=\"canonical\" href=\"https:\/\/hotel-riegele.de\/?page_id=28\" \/>\n<meta property=\"og:locale\" content=\"de_DE\" \/>\n<meta property=\"og:type\" content=\"article\" \/>\n<meta property=\"og:title\" content=\"B\u00e4ckerei und Cafe - Hotel Riegele\" \/>\n<meta property=\"og:description\" content=\"In unserem Hotel finden Sie eine hervorragende B\u00e4ckerei mit angeschlossenem Cafe. Es gibt Cappuccino, Espresso und meist bieten wir auch eine gro\u00dfe Auswahl an Tee. Bei uns liegt der Hauptfokus auf gutem Brot. Mit dem Aufkommen von Ketten und Franchise-Unternehmen konnten sich Coffeeshops auch auf eine Vielzahl anderer Dienstleistungen konzentrieren. Die meisten gro\u00dfen Ketten wie&hellip;Read More\" \/>\n<meta property=\"og:url\" content=\"https:\/\/hotel-riegele.de\/?page_id=28\" \/>\n<meta property=\"og:site_name\" content=\"Hotel Riegele\" \/>\n<meta property=\"article:modified_time\" content=\"2021-01-13T04:59:22+00:00\" \/>\n<meta name=\"twitter:card\" content=\"summary_large_image\" \/>\n<meta name=\"twitter:label1\" content=\"Gesch\u00e4tzte Lesezeit\" \/>\n\t<meta name=\"twitter:data1\" content=\"1\u00a0Minute\" \/>\n<script type=\"application\/ld+json\" class=\"yoast-schema-graph\">{\"@context\":\"https:\\\/\\\/schema.org\",\"@graph\":[{\"@type\":\"WebPage\",\"@id\":\"https:\\\/\\\/hotel-riegele.de\\\/?page_id=28\",\"url\":\"https:\\\/\\\/hotel-riegele.de\\\/?page_id=28\",\"name\":\"B\u00e4ckerei und Cafe - Hotel Riegele\",\"isPartOf\":{\"@id\":\"https:\\\/\\\/hotel-riegele.de\\\/#website\"},\"datePublished\":\"2021-01-13T04:46:26+00:00\",\"dateModified\":\"2021-01-13T04:59:22+00:00\",\"breadcrumb\":{\"@id\":\"https:\\\/\\\/hotel-riegele.de\\\/?page_id=28#breadcrumb\"},\"inLanguage\":\"de\",\"potentialAction\":[{\"@type\":\"ReadAction\",\"target\":[\"https:\\\/\\\/hotel-riegele.de\\\/?page_id=28\"]}]},{\"@type\":\"BreadcrumbList\",\"@id\":\"https:\\\/\\\/hotel-riegele.de\\\/?page_id=28#breadcrumb\",\"itemListElement\":[{\"@type\":\"ListItem\",\"position\":1,\"name\":\"Home\",\"item\":\"https:\\\/\\\/hotel-riegele.de\\\/\"},{\"@type\":\"ListItem\",\"position\":2,\"name\":\"B\u00e4ckerei und Cafe\"}]},{\"@type\":\"WebSite\",\"@id\":\"https:\\\/\\\/hotel-riegele.de\\\/#website\",\"url\":\"https:\\\/\\\/hotel-riegele.de\\\/\",\"name\":\"Hotel Riegele\",\"description\":\"Coffeeshop und B\u00e4ckerei\",\"publisher\":{\"@id\":\"https:\\\/\\\/hotel-riegele.de\\\/#organization\"},\"potentialAction\":[{\"@type\":\"SearchAction\",\"target\":{\"@type\":\"EntryPoint\",\"urlTemplate\":\"https:\\\/\\\/hotel-riegele.de\\\/?s={search_term_string}\"},\"query-input\":{\"@type\":\"PropertyValueSpecification\",\"valueRequired\":true,\"valueName\":\"search_term_string\"}}],\"inLanguage\":\"de\"},{\"@type\":\"Organization\",\"@id\":\"https:\\\/\\\/hotel-riegele.de\\\/#organization\",\"name\":\"Hotel Riegele\",\"url\":\"https:\\\/\\\/hotel-riegele.de\\\/\",\"logo\":{\"@type\":\"ImageObject\",\"inLanguage\":\"de\",\"@id\":\"https:\\\/\\\/hotel-riegele.de\\\/#\\\/schema\\\/logo\\\/image\\\/\",\"url\":\"https:\\\/\\\/hotel-riegele.de\\\/wp-content\\\/uploads\\\/2021\\\/01\\\/hotel-riegele.png\",\"contentUrl\":\"https:\\\/\\\/hotel-riegele.de\\\/wp-content\\\/uploads\\\/2021\\\/01\\\/hotel-riegele.png\",\"width\":200,\"height\":80,\"caption\":\"Hotel Riegele\"},\"image\":{\"@id\":\"https:\\\/\\\/hotel-riegele.de\\\/#\\\/schema\\\/logo\\\/image\\\/\"}}]}<\/script>\n<!-- \/ Yoast SEO plugin. -->","yoast_head_json":{"title":"B\u00e4ckerei und Cafe - Hotel Riegele","robots":{"index":"index","follow":"follow","max-snippet":"max-snippet:-1","max-image-preview":"max-image-preview:large","max-video-preview":"max-video-preview:-1"},"canonical":"https:\/\/hotel-riegele.de\/?page_id=28","og_locale":"de_DE","og_type":"article","og_title":"B\u00e4ckerei und Cafe - Hotel Riegele","og_description":"In unserem Hotel finden Sie eine hervorragende B\u00e4ckerei mit angeschlossenem Cafe. Es gibt Cappuccino, Espresso und meist bieten wir auch eine gro\u00dfe Auswahl an Tee. Bei uns liegt der Hauptfokus auf gutem Brot. Mit dem Aufkommen von Ketten und Franchise-Unternehmen konnten sich Coffeeshops auch auf eine Vielzahl anderer Dienstleistungen konzentrieren. Die meisten gro\u00dfen Ketten wie&hellip;Read More","og_url":"https:\/\/hotel-riegele.de\/?page_id=28","og_site_name":"Hotel Riegele","article_modified_time":"2021-01-13T04:59:22+00:00","twitter_card":"summary_large_image","twitter_misc":{"Gesch\u00e4tzte Lesezeit":"1\u00a0Minute"},"schema":{"@context":"https:\/\/schema.org","@graph":[{"@type":"WebPage","@id":"https:\/\/hotel-riegele.de\/?page_id=28","url":"https:\/\/hotel-riegele.de\/?page_id=28","name":"B\u00e4ckerei und Cafe - Hotel Riegele","isPartOf":{"@id":"https:\/\/hotel-riegele.de\/#website"},"datePublished":"2021-01-13T04:46:26+00:00","dateModified":"2021-01-13T04:59:22+00:00","breadcrumb":{"@id":"https:\/\/hotel-riegele.de\/?page_id=28#breadcrumb"},"inLanguage":"de","potentialAction":[{"@type":"ReadAction","target":["https:\/\/hotel-riegele.de\/?page_id=28"]}]},{"@type":"BreadcrumbList","@id":"https:\/\/hotel-riegele.de\/?page_id=28#breadcrumb","itemListElement":[{"@type":"ListItem","position":1,"name":"Home","item":"https:\/\/hotel-riegele.de\/"},{"@type":"ListItem","position":2,"name":"B\u00e4ckerei und Cafe"}]},{"@type":"WebSite","@id":"https:\/\/hotel-riegele.de\/#website","url":"https:\/\/hotel-riegele.de\/","name":"Hotel Riegele","description":"Coffeeshop und B\u00e4ckerei","publisher":{"@id":"https:\/\/hotel-riegele.de\/#organization"},"potentialAction":[{"@type":"SearchAction","target":{"@type":"EntryPoint","urlTemplate":"https:\/\/hotel-riegele.de\/?s={search_term_string}"},"query-input":{"@type":"PropertyValueSpecification","valueRequired":true,"valueName":"search_term_string"}}],"inLanguage":"de"},{"@type":"Organization","@id":"https:\/\/hotel-riegele.de\/#organization","name":"Hotel Riegele","url":"https:\/\/hotel-riegele.de\/","logo":{"@type":"ImageObject","inLanguage":"de","@id":"https:\/\/hotel-riegele.de\/#\/schema\/logo\/image\/","url":"https:\/\/hotel-riegele.de\/wp-content\/uploads\/2021\/01\/hotel-riegele.png","contentUrl":"https:\/\/hotel-riegele.de\/wp-content\/uploads\/2021\/01\/hotel-riegele.png","width":200,"height":80,"caption":"Hotel Riegele"},"image":{"@id":"https:\/\/hotel-riegele.de\/#\/schema\/logo\/image\/"}}]}},"_links":{"self":[{"href":"https:\/\/hotel-riegele.de\/index.php?rest_route=\/wp\/v2\/pages\/28","targetHints":{"allow":["GET"]}}],"collection":[{"href":"https:\/\/hotel-riegele.de\/index.php?rest_route=\/wp\/v2\/pages"}],"about":[{"href":"https:\/\/hotel-riegele.de\/index.php?rest_route=\/wp\/v2\/types\/page"}],"author":[{"embeddable":true,"href":"https:\/\/hotel-riegele.de\/index.php?rest_route=\/wp\/v2\/users\/1"}],"replies":[{"embeddable":true,"href":"https:\/\/hotel-riegele.de\/index.php?rest_route=%2Fwp%2Fv2%2Fcomments&post=28"}],"version-history":[{"count":2,"href":"https:\/\/hotel-riegele.de\/index.php?rest_route=\/wp\/v2\/pages\/28\/revisions"}],"predecessor-version":[{"id":34,"href":"https:\/\/hotel-riegele.de\/index.php?rest_route=\/wp\/v2\/pages\/28\/revisions\/34"}],"wp:attachment":[{"href":"https:\/\/hotel-riegele.de\/index.php?rest_route=%2Fwp%2Fv2%2Fmedia&parent=28"}],"curies":[{"name":"wp","href":"https:\/\/api.w.org\/{rel}","templated":true}]}}